{"id":882,"date":"2024-12-13T15:38:12","date_gmt":"2024-12-13T14:38:12","guid":{"rendered":"https:\/\/www.cubic33group.com\/?page_id=882"},"modified":"2025-02-24T04:04:18","modified_gmt":"2025-02-24T03:04:18","slug":"contractant-general","status":"publish","type":"page","link":"https:\/\/www.cubic33group.com\/fr\/metiers-services\/contractant-general\/","title":{"rendered":"Contractant g\u00e9n\u00e9ral"},"content":{"rendered":"","protected":false},"excerpt":{"rendered":"","protected":false},"author":2,"featured_media":1007,"parent":795,"menu_order":0,"comment_status":"closed","ping_status":"closed","template":"","meta":{"_acf_changed":false,"_seopress_robots_primary_cat":"","_seopress_titles_title":"%%post_title%% %%sep%% %%sitetitle%%","_seopress_titles_desc":"CUBIC33 Group conseille et accompagne des entreprises \u00e0 l\u2019international. Contractant g\u00e9n\u00e9ral, nous pilotons vos projets de construction de b\u00e2timents professionnels.","_seopress_robots_index":"","footnotes":""},"class_list":["post-882","page","type-page","status-publish","has-post-thumbnail"],"acf":[],"_links":{"self":[{"href":"https:\/\/www.cubic33group.com\/fr\/wp-json\/wp\/v2\/pages\/882","targetHints":{"allow":["GET"]}}],"collection":[{"href":"https:\/\/www.cubic33group.com\/fr\/wp-json\/wp\/v2\/pages"}],"about":[{"href":"https:\/\/www.cubic33group.com\/fr\/wp-json\/wp\/v2\/types\/page"}],"author":[{"embeddable":true,"href":"https:\/\/www.cubic33group.com\/fr\/wp-json\/wp\/v2\/users\/2"}],"replies":[{"embeddable":true,"href":"https:\/\/www.cubic33group.com\/fr\/wp-json\/wp\/v2\/comments?post=882"}],"version-history":[{"count":0,"href":"https:\/\/www.cubic33group.com\/fr\/wp-json\/wp\/v2\/pages\/882\/revisions"}],"up":[{"embeddable":true,"href":"https:\/\/www.cubic33group.com\/fr\/wp-json\/wp\/v2\/pages\/795"}],"wp:featuredmedia":[{"embeddable":true,"href":"https:\/\/www.cubic33group.com\/fr\/wp-json\/wp\/v2\/media\/1007"}],"wp:attachment":[{"href":"https:\/\/www.cubic33group.com\/fr\/wp-json\/wp\/v2\/media?parent=882"}],"curies":[{"name":"wp","href":"https:\/\/api.w.org\/{rel}","templated":true}]}}