{"id":828,"date":"2024-12-05T11:52:53","date_gmt":"2024-12-05T10:52:53","guid":{"rendered":"https:\/\/www.cubic33group.com\/?page_id=828"},"modified":"2025-02-24T08:57:35","modified_gmt":"2025-02-24T07:57:35","slug":"groupe","status":"publish","type":"page","link":"https:\/\/www.cubic33group.com\/fr\/implantations\/groupe\/","title":{"rendered":"Le groupe"},"content":{"rendered":"","protected":false},"excerpt":{"rendered":"","protected":false},"author":2,"featured_media":1011,"parent":822,"menu_order":0,"comment_status":"closed","ping_status":"closed","template":"","meta":{"_acf_changed":false,"_seopress_robots_primary_cat":"","_seopress_titles_title":"Notre histoire - CUBIC33 Group","_seopress_titles_desc":"Retracez l\u2019histoire de CUBIC33 Group \u00e0 travers les ann\u00e9es, d\u00e9couvrez ses valeurs et les visages qui contribuent \u00e0 la force du groupe.","_seopress_robots_index":"","footnotes":""},"class_list":["post-828","page","type-page","status-publish","has-post-thumbnail"],"acf":[],"_links":{"self":[{"href":"https:\/\/www.cubic33group.com\/fr\/wp-json\/wp\/v2\/pages\/828","targetHints":{"allow":["GET"]}}],"collection":[{"href":"https:\/\/www.cubic33group.com\/fr\/wp-json\/wp\/v2\/pages"}],"about":[{"href":"https:\/\/www.cubic33group.com\/fr\/wp-json\/wp\/v2\/types\/page"}],"author":[{"embeddable":true,"href":"https:\/\/www.cubic33group.com\/fr\/wp-json\/wp\/v2\/users\/2"}],"replies":[{"embeddable":true,"href":"https:\/\/www.cubic33group.com\/fr\/wp-json\/wp\/v2\/comments?post=828"}],"version-history":[{"count":0,"href":"https:\/\/www.cubic33group.com\/fr\/wp-json\/wp\/v2\/pages\/828\/revisions"}],"up":[{"embeddable":true,"href":"https:\/\/www.cubic33group.com\/fr\/wp-json\/wp\/v2\/pages\/822"}],"wp:featuredmedia":[{"embeddable":true,"href":"https:\/\/www.cubic33group.com\/fr\/wp-json\/wp\/v2\/media\/1011"}],"wp:attachment":[{"href":"https:\/\/www.cubic33group.com\/fr\/wp-json\/wp\/v2\/media?parent=828"}],"curies":[{"name":"wp","href":"https:\/\/api.w.org\/{rel}","templated":true}]}}