{"id":825,"date":"2024-12-05T11:52:39","date_gmt":"2024-12-05T10:52:39","guid":{"rendered":"https:\/\/www.cubic33group.com\/?page_id=825"},"modified":"2025-07-09T15:14:40","modified_gmt":"2025-07-09T13:14:40","slug":"filiales","status":"publish","type":"page","link":"https:\/\/www.cubic33group.com\/fr\/implantations\/filiales\/","title":{"rendered":"Nos filiales"},"content":{"rendered":"","protected":false},"excerpt":{"rendered":"","protected":false},"author":2,"featured_media":898,"parent":822,"menu_order":0,"comment_status":"closed","ping_status":"closed","template":"","meta":{"_acf_changed":false,"_seopress_robots_primary_cat":"","_seopress_titles_title":"Notre fonctionnement local - CUBIC33 Group","_seopress_titles_desc":"Le fonctionnement local de CUBIC33 groupe repose sur les connaissances op\u00e9rationnelles et territoriales des \u00e9quipes pr\u00e9sentes \u00e0 l\u2019international.","_seopress_robots_index":"","footnotes":""},"class_list":["post-825","page","type-page","status-publish","has-post-thumbnail"],"acf":[],"_links":{"self":[{"href":"https:\/\/www.cubic33group.com\/fr\/wp-json\/wp\/v2\/pages\/825","targetHints":{"allow":["GET"]}}],"collection":[{"href":"https:\/\/www.cubic33group.com\/fr\/wp-json\/wp\/v2\/pages"}],"about":[{"href":"https:\/\/www.cubic33group.com\/fr\/wp-json\/wp\/v2\/types\/page"}],"author":[{"embeddable":true,"href":"https:\/\/www.cubic33group.com\/fr\/wp-json\/wp\/v2\/users\/2"}],"replies":[{"embeddable":true,"href":"https:\/\/www.cubic33group.com\/fr\/wp-json\/wp\/v2\/comments?post=825"}],"version-history":[{"count":0,"href":"https:\/\/www.cubic33group.com\/fr\/wp-json\/wp\/v2\/pages\/825\/revisions"}],"up":[{"embeddable":true,"href":"https:\/\/www.cubic33group.com\/fr\/wp-json\/wp\/v2\/pages\/822"}],"wp:featuredmedia":[{"embeddable":true,"href":"https:\/\/www.cubic33group.com\/fr\/wp-json\/wp\/v2\/media\/898"}],"wp:attachment":[{"href":"https:\/\/www.cubic33group.com\/fr\/wp-json\/wp\/v2\/media?parent=825"}],"curies":[{"name":"wp","href":"https:\/\/api.w.org\/{rel}","templated":true}]}}