{"id":822,"date":"2024-12-05T11:52:09","date_gmt":"2024-12-05T10:52:09","guid":{"rendered":"https:\/\/www.cubic33group.com\/?page_id=822"},"modified":"2025-02-24T04:04:28","modified_gmt":"2025-02-24T03:04:28","slug":"implantations","status":"publish","type":"page","link":"https:\/\/www.cubic33group.com\/fr\/implantations\/","title":{"rendered":"Nos implantations"},"content":{"rendered":"","protected":false},"excerpt":{"rendered":"","protected":false},"author":2,"featured_media":0,"parent":0,"menu_order":0,"comment_status":"closed","ping_status":"closed","template":"","meta":{"_acf_changed":false,"_seopress_robots_primary_cat":"","_seopress_titles_title":"Le groupe - CUBIC33 Group","_seopress_titles_desc":"CUBIC33 Group : un groupe \u00e0 la dimension internationale qui agit depuis 20 ans pour le d\u00e9veloppement des activit\u00e9s de ses clients.","_seopress_robots_index":"","footnotes":""},"class_list":["post-822","page","type-page","status-publish"],"acf":[],"_links":{"self":[{"href":"https:\/\/www.cubic33group.com\/fr\/wp-json\/wp\/v2\/pages\/822","targetHints":{"allow":["GET"]}}],"collection":[{"href":"https:\/\/www.cubic33group.com\/fr\/wp-json\/wp\/v2\/pages"}],"about":[{"href":"https:\/\/www.cubic33group.com\/fr\/wp-json\/wp\/v2\/types\/page"}],"author":[{"embeddable":true,"href":"https:\/\/www.cubic33group.com\/fr\/wp-json\/wp\/v2\/users\/2"}],"replies":[{"embeddable":true,"href":"https:\/\/www.cubic33group.com\/fr\/wp-json\/wp\/v2\/comments?post=822"}],"version-history":[{"count":0,"href":"https:\/\/www.cubic33group.com\/fr\/wp-json\/wp\/v2\/pages\/822\/revisions"}],"wp:attachment":[{"href":"https:\/\/www.cubic33group.com\/fr\/wp-json\/wp\/v2\/media?parent=822"}],"curies":[{"name":"wp","href":"https:\/\/api.w.org\/{rel}","templated":true}]}}