{"id":795,"date":"2024-12-05T11:48:19","date_gmt":"2024-12-05T10:48:19","guid":{"rendered":"https:\/\/www.cubic33group.com\/?page_id=795"},"modified":"2025-02-24T04:04:08","modified_gmt":"2025-02-24T03:04:08","slug":"metiers-services","status":"publish","type":"page","link":"https:\/\/www.cubic33group.com\/fr\/metiers-services\/","title":{"rendered":"M\u00e9tiers &#038; services"},"content":{"rendered":"","protected":false},"excerpt":{"rendered":"","protected":false},"author":2,"featured_media":967,"parent":0,"menu_order":0,"comment_status":"closed","ping_status":"closed","template":"","meta":{"_acf_changed":false,"_seopress_robots_primary_cat":"","_seopress_titles_title":"M\u00e9tiers & Services - CUBIC33 Group","_seopress_titles_desc":"CUBIC33 Group ma\u00eetrise tous les corps de m\u00e9tier n\u00e9cessaires \u00e0 la construction de b\u00e2timents logistiques et industriels performants.","_seopress_robots_index":"","footnotes":""},"class_list":["post-795","page","type-page","status-publish","has-post-thumbnail"],"acf":[],"_links":{"self":[{"href":"https:\/\/www.cubic33group.com\/fr\/wp-json\/wp\/v2\/pages\/795","targetHints":{"allow":["GET"]}}],"collection":[{"href":"https:\/\/www.cubic33group.com\/fr\/wp-json\/wp\/v2\/pages"}],"about":[{"href":"https:\/\/www.cubic33group.com\/fr\/wp-json\/wp\/v2\/types\/page"}],"author":[{"embeddable":true,"href":"https:\/\/www.cubic33group.com\/fr\/wp-json\/wp\/v2\/users\/2"}],"replies":[{"embeddable":true,"href":"https:\/\/www.cubic33group.com\/fr\/wp-json\/wp\/v2\/comments?post=795"}],"version-history":[{"count":0,"href":"https:\/\/www.cubic33group.com\/fr\/wp-json\/wp\/v2\/pages\/795\/revisions"}],"wp:featuredmedia":[{"embeddable":true,"href":"https:\/\/www.cubic33group.com\/fr\/wp-json\/wp\/v2\/media\/967"}],"wp:attachment":[{"href":"https:\/\/www.cubic33group.com\/fr\/wp-json\/wp\/v2\/media?parent=795"}],"curies":[{"name":"wp","href":"https:\/\/api.w.org\/{rel}","templated":true}]}}